{"id":99,"date":"2021-04-08T09:24:37","date_gmt":"2021-04-08T07:24:37","guid":{"rendered":"https:\/\/olivierstoltz.com\/?page_id=99"},"modified":"2025-01-12T16:54:22","modified_gmt":"2025-01-12T15:54:22","slug":"peinture-sur-commande-accueil","status":"publish","type":"page","link":"https:\/\/olivierstoltz.com\/","title":{"rendered":"Accueil"},"content":{"rendered":"<p>[et_pb_section fb_built=&#8221;1&#8243; _builder_version=&#8221;4.9.2&#8243; _module_preset=&#8221;default&#8221; background_color=&#8221;#000000&#8243; background_image=&#8221;https:\/\/olivierstoltz.com\/wp-content\/uploads\/2021\/04\/Mirageaccueil.jpg&#8221; background_size=&#8221;initial&#8221; min_height=&#8221;570.7px&#8221; custom_padding=&#8221;0px||30px||false|false&#8221;][et_pb_row _builder_version=&#8221;4.9.2&#8243; _module_preset=&#8221;default&#8221; custom_margin=&#8221;-1px||0px||false|false&#8221; custom_padding=&#8221;0px||||false|false&#8221;][et_pb_column type=&#8221;4_4&#8243; _builder_version=&#8221;4.9.2&#8243; _module_preset=&#8221;default&#8221;][et_pb_text _builder_version=&#8221;4.9.2&#8243; _module_preset=&#8221;default&#8221; header_font=&#8221;|300|||||||&#8221; header_text_color=&#8221;#FFFFFF&#8221; header_font_size=&#8221;40px&#8221; header_letter_spacing=&#8221;4px&#8221; header_2_font=&#8221;|300|||||||&#8221; header_2_text_color=&#8221;#FFFFFF&#8221; header_2_letter_spacing=&#8221;2px&#8221; text_orientation=&#8221;center&#8221; min_height=&#8221;119px&#8221; custom_margin=&#8221;228px||||false|false&#8221; custom_padding=&#8221;2px|||||&#8221;]<\/p>\n<h1>OLIVIER STOLTZ<\/h1>\n<h2>ARTISTE PEINTRE<\/h2>\n<p>&nbsp;<\/p>\n<h6 style=\"text-align: center;\"><span style=\"color: #aaaaaa;\">olivierstoltz@orange.fr\u00a0\u00a0 \u2022\u00a0 \u00a006 08 22 66 60\u00a0 \u00a0\u2022\u00a0 \u00a029, rue Saint-Lambert\u00a0 \u00a0\u2022\u00a0 \u00a054000 NANCY<\/span><\/h6>\n<h2 style=\"text-align: center;\"><a href=\"https:\/\/fr.mylabphoto.com\/?id=1027539&amp;fbclid=IwAR1ylBuS6QZ8UIfmc_pOJP3vUs0GDSnTtaPIOVm0Me3LYa1h8Kg8yOMsW6k\">fr.mylabphoto.com\/?id=1027539<\/a><\/h2>\n<p><span style=\"color: #aaaaaa;\"><\/span><\/p>\n<div class=\"x78zum5 xdt5ytf xz62fqu x16ldp7u\">\n<div class=\"xu06os2 x1ok221b\"><\/div>\n<\/div>\n<p>[\/et_pb_text][\/et_pb_column][\/et_pb_row][et_pb_row _builder_version=&#8221;4.9.2&#8243; _module_preset=&#8221;default&#8221; min_height=&#8221;87px&#8221; custom_margin=&#8221;|auto|45px|auto|false|false&#8221;][et_pb_column type=&#8221;4_4&#8243; _builder_version=&#8221;4.9.2&#8243; _module_preset=&#8221;default&#8221;][\/et_pb_column][\/et_pb_row][\/et_pb_section][et_pb_section fb_built=&#8221;1&#8243; admin_label=&#8221;commune&#8221; _builder_version=&#8221;4.9.2&#8243; _module_preset=&#8221;default&#8221; use_background_color_gradient=&#8221;on&#8221; background_color_gradient_start=&#8221;#474747&#8243; background_color_gradient_end=&#8221;#e2e2e2&#8243; background_color_gradient_type=&#8221;radial&#8221; min_height=&#8221;340.8px&#8221; custom_margin=&#8221;-5px||-290px|||&#8221; custom_padding=&#8221;0px||177px|||&#8221; global_module=&#8221;182&#8243; saved_tabs=&#8221;all&#8221; collapsed=&#8221;on&#8221;][et_pb_row _builder_version=&#8221;4.9.2&#8243; _module_preset=&#8221;default&#8221; width=&#8221;100%&#8221; min_height=&#8221;62px&#8221; custom_margin=&#8221;|auto|0px|auto|false|false&#8221;][et_pb_column type=&#8221;4_4&#8243; _builder_version=&#8221;4.9.2&#8243; _module_preset=&#8221;default&#8221;][\/et_pb_column][\/et_pb_row][et_pb_row column_structure=&#8221;1_4,1_4,1_4,1_4&#8243; admin_label=&#8221;vignettes&#8221; _builder_version=&#8221;4.9.2&#8243; _module_preset=&#8221;default&#8221; width=&#8221;87%&#8221; max_width=&#8221;1300px&#8221; custom_margin=&#8221;-90px||-70px||false|false&#8221; custom_padding=&#8221;0px|0px|0px||false|false&#8221;][et_pb_column type=&#8221;1_4&#8243; _builder_version=&#8221;4.9.2&#8243; _module_preset=&#8221;default&#8221;][et_pb_text _builder_version=&#8221;4.9.2&#8243; _dynamic_attributes=&#8221;link_option_url&#8221; _module_preset=&#8221;default&#8221; text_line_height=&#8221;1.3em&#8221; header_font=&#8221;|300|||||||&#8221; header_text_color=&#8221;#E02B20&#8243; header_2_text_color=&#8221;#000000&#8243; header_2_font_size=&#8221;15px&#8221; text_orientation=&#8221;center&#8221; link_option_url=&#8221;@ET-DC@eyJkeW5hbWljIjp0cnVlLCJjb250ZW50IjoicG9zdF9saW5rX3VybF9wYWdlIiwic2V0dGluZ3MiOnsicG9zdF9pZCI6IjgifX0=@&#8221; transform_styles__hover_enabled=&#8221;on|hover&#8221; transform_scale__hover_enabled=&#8221;on|hover&#8221; transform_translate__hover_enabled=&#8221;on|desktop&#8221; transform_rotate__hover_enabled=&#8221;on|desktop&#8221; transform_skew__hover_enabled=&#8221;on|desktop&#8221; transform_origin__hover_enabled=&#8221;on|desktop&#8221; transform_scale__hover=&#8221;108%|108%&#8221;]<\/p>\n<h2 style=\"text-align: center;\"><img loading=\"lazy\" src=\"https:\/\/olivierstoltz.com\/wp-content\/uploads\/2023\/04\/Vignetteouragan.jpg\" width=\"247\" height=\"247\" alt=\"\" class=\"wp-image-899 alignnone size-full\" srcset=\"https:\/\/olivierstoltz.com\/wp-content\/uploads\/2023\/04\/Vignetteouragan.jpg 247w, https:\/\/olivierstoltz.com\/wp-content\/uploads\/2023\/04\/Vignetteouragan-150x150.jpg 150w\" sizes=\"(max-width: 247px) 100vw, 247px\" \/><\/h2>\n<h2 style=\"text-align: center;\">Avions<\/h2>\n<p>[\/et_pb_text][\/et_pb_column][et_pb_column type=&#8221;1_4&#8243; _builder_version=&#8221;4.9.2&#8243; _module_preset=&#8221;default&#8221;][et_pb_text _builder_version=&#8221;4.9.2&#8243; _dynamic_attributes=&#8221;link_option_url&#8221; _module_preset=&#8221;default&#8221; text_font=&#8221;||||||||&#8221; header_font_size=&#8221;17px&#8221; header_3_text_align=&#8221;center&#8221; header_3_text_color=&#8221;#000000&#8243; header_3_font_size=&#8221;14px&#8221; text_orientation=&#8221;center&#8221; link_option_url=&#8221;@ET-DC@eyJkeW5hbWljIjp0cnVlLCJjb250ZW50IjoicG9zdF9saW5rX3VybF9wYWdlIiwic2V0dGluZ3MiOnsicG9zdF9pZCI6IjEwMyJ9fQ==@&#8221; transform_styles__hover_enabled=&#8221;on|hover&#8221; transform_scale__hover_enabled=&#8221;on|hover&#8221; transform_translate__hover_enabled=&#8221;on|desktop&#8221; transform_rotate__hover_enabled=&#8221;on|desktop&#8221; transform_skew__hover_enabled=&#8221;on|desktop&#8221; transform_origin__hover_enabled=&#8221;on|desktop&#8221; transform_scale__hover=&#8221;108%|108%&#8221;]<\/p>\n<p><img loading=\"lazy\" src=\"https:\/\/olivierstoltz.com\/wp-content\/uploads\/2023\/04\/Vignette-Timossi.jpg\" width=\"247\" height=\"247\" alt=\"\" class=\"wp-image-869 alignnone size-full\" srcset=\"https:\/\/olivierstoltz.com\/wp-content\/uploads\/2023\/04\/Vignette-Timossi.jpg 247w, https:\/\/olivierstoltz.com\/wp-content\/uploads\/2023\/04\/Vignette-Timossi-150x150.jpg 150w\" sizes=\"(max-width: 247px) 100vw, 247px\" \/><\/p>\n<h3 style=\"text-align: center;\">Bateaux-Autos-Motos<\/h3>\n<p>[\/et_pb_text][\/et_pb_column][et_pb_column type=&#8221;1_4&#8243; _builder_version=&#8221;4.9.2&#8243; _module_preset=&#8221;default&#8221;][et_pb_text _builder_version=&#8221;4.9.2&#8243; _dynamic_attributes=&#8221;link_option_url&#8221; _module_preset=&#8221;default&#8221; header_2_text_color=&#8221;#000000&#8243; header_2_font_size=&#8221;14px&#8221; link_option_url=&#8221;@ET-DC@eyJkeW5hbWljIjp0cnVlLCJjb250ZW50IjoicG9zdF9saW5rX3VybF9wYWdlIiwic2V0dGluZ3MiOnsicG9zdF9pZCI6IjEwNSJ9fQ==@&#8221; hover_enabled=&#8221;0&#8243; transform_styles__hover_enabled=&#8221;on|hover&#8221; transform_scale__hover_enabled=&#8221;on|hover&#8221; transform_translate__hover_enabled=&#8221;on|desktop&#8221; transform_rotate__hover_enabled=&#8221;on|desktop&#8221; transform_skew__hover_enabled=&#8221;on|desktop&#8221; transform_origin__hover_enabled=&#8221;on|desktop&#8221; transform_scale__hover=&#8221;108%|108%&#8221; sticky_enabled=&#8221;0&#8243;]<\/p>\n<h2 style=\"text-align: center;\"><img loading=\"lazy\" src=\"https:\/\/olivierstoltz.com\/wp-content\/uploads\/2024\/01\/Vignette-bowie.jpg\" width=\"247\" height=\"247\" alt=\"\" class=\"wp-image-1076 alignnone size-full\" srcset=\"https:\/\/olivierstoltz.com\/wp-content\/uploads\/2024\/01\/Vignette-bowie.jpg 247w, https:\/\/olivierstoltz.com\/wp-content\/uploads\/2024\/01\/Vignette-bowie-150x150.jpg 150w\" sizes=\"(max-width: 247px) 100vw, 247px\" \/><\/h2>\n<h2 style=\"text-align: center;\">Portraits-Caricatures-Paysages-Animaux<\/h2>\n<p>[\/et_pb_text][\/et_pb_column][et_pb_column type=&#8221;1_4&#8243; _builder_version=&#8221;4.9.2&#8243; _module_preset=&#8221;default&#8221;][et_pb_text _builder_version=&#8221;4.9.2&#8243; _dynamic_attributes=&#8221;link_option_url&#8221; _module_preset=&#8221;default&#8221; header_text_color=&#8221;#E02B20&#8243; header_2_text_color=&#8221;#000000&#8243; header_2_font_size=&#8221;14px&#8221; link_option_url=&#8221;@ET-DC@eyJkeW5hbWljIjp0cnVlLCJjb250ZW50IjoicG9zdF9saW5rX3VybF9wYWdlIiwic2V0dGluZ3MiOnsicG9zdF9pZCI6IjEwOSJ9fQ==@&#8221; transform_styles__hover_enabled=&#8221;on|hover&#8221; transform_scale__hover_enabled=&#8221;on|hover&#8221; transform_translate__hover_enabled=&#8221;on|desktop&#8221; transform_rotate__hover_enabled=&#8221;on|desktop&#8221; transform_skew__hover_enabled=&#8221;on|desktop&#8221; transform_origin__hover_enabled=&#8221;on|desktop&#8221; transform_scale__hover=&#8221;108%|108%&#8221;]<\/p>\n<h2 style=\"text-align: center;\"><img loading=\"lazy\" src=\"https:\/\/olivierstoltz.com\/wp-content\/uploads\/2021\/04\/Vignette-expos.jpg\" width=\"247\" height=\"247\" alt=\"\" class=\"wp-image-380 alignnone size-full\" srcset=\"https:\/\/olivierstoltz.com\/wp-content\/uploads\/2021\/04\/Vignette-expos.jpg 247w, https:\/\/olivierstoltz.com\/wp-content\/uploads\/2021\/04\/Vignette-expos-150x150.jpg 150w\" sizes=\"(max-width: 247px) 100vw, 247px\" \/><\/h2>\n<h2 style=\"text-align: center;\">Ev\u00e9nements-Expositions<\/h2>\n<p>[\/et_pb_text][\/et_pb_column][\/et_pb_row][\/et_pb_section][et_pb_section fb_built=&#8221;1&#8243; _builder_version=&#8221;4.9.2&#8243; _module_preset=&#8221;default&#8221; min_height=&#8221;96px&#8221; custom_margin=&#8221;79px||||false|false&#8221; custom_padding=&#8221;||4px|||&#8221;][\/et_pb_section][et_pb_section fb_built=&#8221;1&#8243; _builder_version=&#8221;4.9.2&#8243; _module_preset=&#8221;default&#8221; custom_margin=&#8221;-39px|||||&#8221; custom_padding=&#8221;0px||6px|||&#8221;][et_pb_row _builder_version=&#8221;4.9.2&#8243; _module_preset=&#8221;default&#8221; min_height=&#8221;917px&#8221; custom_padding=&#8221;46px|||||&#8221;][et_pb_column type=&#8221;4_4&#8243; _builder_version=&#8221;4.9.2&#8243; _module_preset=&#8221;default&#8221; custom_padding=&#8221;60px||||false|false&#8221;][et_pb_text _builder_version=&#8221;4.9.2&#8243; _module_preset=&#8221;default&#8221; min_height=&#8221;240.3px&#8221; custom_margin=&#8221;-53px|||||&#8221; custom_padding=&#8221;0px||0px|||&#8221;]<\/p>\n<h3>Qui suis-je ?<\/h3>\n<p style=\"text-align: justify;\"><span>La pratique du dessin et de la peinture a commenc\u00e9 tr\u00e8s t\u00f4t, au fil des r\u00e9alisations et apr\u00e8s l&#8217;obtention d&#8217;un DNAP \u00e0 l&#8217;Ecole des Beaux-Arts de Nancy je me suis install\u00e9 en tant que Graphiste-illustrateur free-lance. La peinture est devenue une sp\u00e9cificit\u00e9 en parall\u00e8le \u00e0 mon activit\u00e9 de designer graphique et j&#8217;ai ainsi produit quantit\u00e9 de travaux notamment sur le th\u00e8me de l&#8217;aviation, mon domaine de pr\u00e9dilection. La peinture sur commande est devenue une activit\u00e9 importante dans le cadre de mon travail. En 2010 et 2014 j&#8217;ai rassembl\u00e9 toutes ces peintures a\u00e9ronautiques puis en ai produit de nouvelles pour r\u00e9aliser deux Artbooks en auto-\u00e9dition, Airplane Spirits 1 et Airplane Spirits 2. Ce travail fut l&#8217;occasion pour moi de fondre mes deux activit\u00e9s, la peinture et la PAO (publication assist\u00e9e par ordinateur), en un seul produit et par le fait d&#8217;apprendre par la suite \u00e0 le diffuser. Ce fut l&#8217;occasion de fr\u00e9quenter les meetings, mus\u00e9es et autres manifestations a\u00e9riennes et spatiales : La Fert\u00e9-Alais, Le salon du Bourget,\u00a0 le Festival des Etoiles et des Ailes de Toulouse, la BA 133 Nancy-Ochey\u2026 Par la suite je me suis ouvert \u00e0 d&#8217;autres th\u00e9matiques telles que l&#8217;automobile, les paysages et autres sujets, et ce afin d&#8217;ouvrir mon travail et de rencontrer un autre public.\u00a0<\/span><\/p>\n<p>[\/et_pb_text][et_pb_image src=&#8221;https:\/\/olivierstoltz.com\/wp-content\/uploads\/2023\/08\/accueil-site-1.jpg&#8221; title_text=&#8221;accueil-site&#8221; align=&#8221;center&#8221; _builder_version=&#8221;4.9.2&#8243; _module_preset=&#8221;default&#8221; transform_scale=&#8221;85%|85%&#8221; width=&#8221;100%&#8221; max_width=&#8221;100%&#8221; min_height=&#8221;537px&#8221; height=&#8221;916px&#8221; max_height=&#8221;404px&#8221; custom_margin=&#8221;-41px||-2px|||&#8221; custom_padding=&#8221;0px||33px|||&#8221; overflow-x_tablet=&#8221;&#8221; overflow-x_phone=&#8221;&#8221; overflow-x_last_edited=&#8221;on|phone&#8221;][\/et_pb_image][\/et_pb_column][\/et_pb_row][\/et_pb_section][et_pb_section fb_built=&#8221;1&#8243; _builder_version=&#8221;4.9.2&#8243; _module_preset=&#8221;default&#8221; min_height=&#8221;471px&#8221; custom_padding=&#8221;0px|||||&#8221;][et_pb_row column_structure=&#8221;1_2,1_2&#8243; _builder_version=&#8221;4.9.2&#8243; _module_preset=&#8221;default&#8221; min_height=&#8221;431px&#8221; custom_margin=&#8221;-140px|auto||auto||&#8221;][et_pb_column type=&#8221;1_2&#8243; _builder_version=&#8221;4.9.2&#8243; _module_preset=&#8221;default&#8221;][et_pb_image src=&#8221;https:\/\/olivierstoltz.com\/wp-content\/uploads\/2023\/04\/Atelier.jpg&#8221; title_text=&#8221;Atelier&#8221; _builder_version=&#8221;4.9.2&#8243; _module_preset=&#8221;default&#8221; min_height=&#8221;380px&#8221; max_height=&#8221;380px&#8221;][\/et_pb_image][\/et_pb_column][et_pb_column type=&#8221;1_2&#8243; _builder_version=&#8221;4.9.2&#8243; _module_preset=&#8221;default&#8221; custom_padding=&#8221;60px||||false|false&#8221;][et_pb_text _builder_version=&#8221;4.9.2&#8243; _module_preset=&#8221;default&#8221; custom_margin=&#8221;-57px|||||&#8221;]<\/p>\n<h3>Peinture sur commande, tarifs et conditions.<\/h3>\n<p style=\"text-align: justify;\"><span>Sur ce site vous trouverez des toiles disponibles \u00e0 la vente, des toiles d\u00e9j\u00e0 vendues et des toiles qui m&#8217;ont \u00e9t\u00e9 command\u00e9es. Si vous souhaitez me commander une peinture, envoyez moi vos photos, le tarif est en fonction de la complexit\u00e9 et du format. Un acompte de 50% vous sera demand\u00e9, le solde \u00e0 la livraison. Si il faut vous l&#8217;exp\u00e9dier je vous communiquerai le prix en fonction du format. Je vous enverrai des photos des \u00e9tapes de la r\u00e9alisation de votre commande au fur et \u00e0 mesure de la progression. Les toiles sont emball\u00e9es avec soin et exp\u00e9di\u00e9es dans une caisse en bois. Si vous souhaitez acheter une peinture disponible sur ce site, merci d&#8217;envoyer votre r\u00e9glement \u00e0 cette adresse : Olivier STOLTZ, 29, rue Saint-Lambert &#8211; 54000 NANCY ou bien de prendre contact avec moi pour venir la retirer \u00e0 mon atelier. Me contacter pour les frais d&#8217;exp\u00e9dition si besoin.<\/span><\/p>\n<p>[\/et_pb_text][\/et_pb_column][\/et_pb_row][\/et_pb_section]<\/p>\n","protected":false},"excerpt":{"rendered":"<p>[et_pb_section fb_built=&#8221;1&#8243; _builder_version=&#8221;4.9.2&#8243; _module_preset=&#8221;default&#8221; background_color=&#8221;#000000&#8243; background_image=&#8221;https:\/\/olivierstoltz.com\/wp-content\/uploads\/2021\/04\/Mirageaccueil.jpg&#8221; background_size=&#8221;initial&#8221; min_height=&#8221;570.7px&#8221; custom_padding=&#8221;0px||30px||false|false&#8221;][et_pb_row _builder_version=&#8221;4.9.2&#8243; _module_preset=&#8221;default&#8221; custom_margin=&#8221;-1px||0px||false|false&#8221; custom_padding=&#8221;0px||||false|false&#8221;][et_pb_column type=&#8221;4_4&#8243; _builder_version=&#8221;4.9.2&#8243; _module_preset=&#8221;default&#8221;][et_pb_text _builder_version=&#8221;4.9.2&#8243; _module_preset=&#8221;default&#8221; header_font=&#8221;|300|||||||&#8221; header_text_color=&#8221;#FFFFFF&#8221; header_font_size=&#8221;40px&#8221; header_letter_spacing=&#8221;4px&#8221; header_2_font=&#8221;|300|||||||&#8221; header_2_text_color=&#8221;#FFFFFF&#8221; header_2_letter_spacing=&#8221;2px&#8221; text_orientation=&#8221;center&#8221; min_height=&#8221;119px&#8221; custom_margin=&#8221;228px||||false|false&#8221; custom_padding=&#8221;2px|||||&#8221;] OLIVIER STOLTZ ARTISTE PEINTRE &nbsp; olivierstoltz@orange.fr\u00a0\u00a0 \u2022\u00a0 \u00a006 08 22 66 60\u00a0 \u00a0\u2022\u00a0 \u00a029, rue Saint-Lambert\u00a0 \u00a0\u2022\u00a0 \u00a054000 NANCY fr.mylabphoto.com\/?id=1027539 [\/et_pb_text][\/et_pb_column][\/et_pb_row][et_pb_row _builder_version=&#8221;4.9.2&#8243; _module_preset=&#8221;default&#8221; min_height=&#8221;87px&#8221; custom_margin=&#8221;|auto|45px|auto|false|false&#8221;][et_pb_column type=&#8221;4_4&#8243; [&hellip;]<\/p>\n","protected":false},"author":1,"featured_media":0,"parent":0,"menu_order":0,"comment_status":"closed","ping_status":"closed","template":"page-template-blank.php","meta":{"_et_pb_use_builder":"on","_et_pb_old_content":"<!-- wp:divi\/placeholder \/-->","_et_gb_content_width":""},"yoast_head":"<!-- This site is optimized with the Yoast SEO plugin v16.0.2 - https:\/\/yoast.com\/wordpress\/plugins\/seo\/ -->\n<title>Peinture sur commande - Olivier Stoltz Artiste Peintre<\/title>\n<meta name=\"description\" content=\"Peinture d&#039;avion et peinture sur commande, portraits, paysages, autos, bateaux, animaux. Olivier STOLTZ artiste peintre. Offrez-vous une toile\" \/>\n<link rel=\"canonical\" href=\"https:\/\/olivierstoltz.com\/\" \/>\n<meta property=\"og:locale\" content=\"fr_FR\" \/>\n<meta property=\"og:type\" content=\"article\" \/>\n<meta property=\"og:title\" content=\"Peinture sur commande - Olivier Stoltz Artiste Peintre\" \/>\n<meta property=\"og:description\" content=\"Peinture d&#039;avion et peinture sur commande, portraits, paysages, autos, bateaux, animaux. Olivier STOLTZ artiste peintre. Offrez-vous une toile\" \/>\n<meta property=\"og:url\" content=\"https:\/\/olivierstoltz.com\/\" \/>\n<meta property=\"og:site_name\" content=\"Olivier Stoltz Artiste Peintre\" \/>\n<meta property=\"article:modified_time\" content=\"2025-01-12T15:54:22+00:00\" \/>\n<meta property=\"og:image\" content=\"https:\/\/olivierstoltz.com\/wp-content\/uploads\/2023\/04\/Vignetteouragan.jpg\" \/>\n<meta name=\"twitter:card\" content=\"summary_large_image\" \/>\n<meta name=\"twitter:label1\" content=\"Dur\u00e9e de lecture est.\">\n\t<meta name=\"twitter:data1\" content=\"3 minutes\">\n<script type=\"application\/ld+json\" class=\"yoast-schema-graph\">{\"@context\":\"https:\/\/schema.org\",\"@graph\":[{\"@type\":\"WebSite\",\"@id\":\"https:\/\/olivierstoltz.com\/#website\",\"url\":\"https:\/\/olivierstoltz.com\/\",\"name\":\"Olivier Stoltz Artiste Peintre\",\"description\":\"Peinture, huile, acrylique, commande\",\"potentialAction\":[{\"@type\":\"SearchAction\",\"target\":\"https:\/\/olivierstoltz.com\/?s={search_term_string}\",\"query-input\":\"required name=search_term_string\"}],\"inLanguage\":\"fr-FR\"},{\"@type\":\"ImageObject\",\"@id\":\"https:\/\/olivierstoltz.com\/#primaryimage\",\"inLanguage\":\"fr-FR\",\"url\":\"https:\/\/olivierstoltz.com\/wp-content\/uploads\/2023\/04\/Vignetteouragan.jpg\",\"width\":247,\"height\":247},{\"@type\":\"WebPage\",\"@id\":\"https:\/\/olivierstoltz.com\/#webpage\",\"url\":\"https:\/\/olivierstoltz.com\/\",\"name\":\"Peinture sur commande - Olivier Stoltz Artiste Peintre\",\"isPartOf\":{\"@id\":\"https:\/\/olivierstoltz.com\/#website\"},\"primaryImageOfPage\":{\"@id\":\"https:\/\/olivierstoltz.com\/#primaryimage\"},\"datePublished\":\"2021-04-08T07:24:37+00:00\",\"dateModified\":\"2025-01-12T15:54:22+00:00\",\"description\":\"Peinture d'avion et peinture sur commande, portraits, paysages, autos, bateaux, animaux. Olivier STOLTZ artiste peintre. Offrez-vous une toile\",\"breadcrumb\":{\"@id\":\"https:\/\/olivierstoltz.com\/#breadcrumb\"},\"inLanguage\":\"fr-FR\",\"potentialAction\":[{\"@type\":\"ReadAction\",\"target\":[\"https:\/\/olivierstoltz.com\/\"]}]},{\"@type\":\"BreadcrumbList\",\"@id\":\"https:\/\/olivierstoltz.com\/#breadcrumb\",\"itemListElement\":[{\"@type\":\"ListItem\",\"position\":1,\"item\":{\"@type\":\"WebPage\",\"@id\":\"https:\/\/olivierstoltz.com\/\",\"url\":\"https:\/\/olivierstoltz.com\/\",\"name\":\"Accueil\"}},{\"@type\":\"ListItem\",\"position\":2,\"item\":{\"@type\":\"WebPage\",\"@id\":\"https:\/\/olivierstoltz.com\/\",\"url\":\"https:\/\/olivierstoltz.com\/\",\"name\":\"Accueil\"}}]}]}<\/script>\n<!-- \/ Yoast SEO plugin. -->","_links":{"self":[{"href":"https:\/\/olivierstoltz.com\/index.php\/wp-json\/wp\/v2\/pages\/99"}],"collection":[{"href":"https:\/\/olivierstoltz.com\/index.php\/wp-json\/wp\/v2\/pages"}],"about":[{"href":"https:\/\/olivierstoltz.com\/index.php\/wp-json\/wp\/v2\/types\/page"}],"author":[{"embeddable":true,"href":"https:\/\/olivierstoltz.com\/index.php\/wp-json\/wp\/v2\/users\/1"}],"replies":[{"embeddable":true,"href":"https:\/\/olivierstoltz.com\/index.php\/wp-json\/wp\/v2\/comments?post=99"}],"version-history":[{"count":110,"href":"https:\/\/olivierstoltz.com\/index.php\/wp-json\/wp\/v2\/pages\/99\/revisions"}],"predecessor-version":[{"id":1163,"href":"https:\/\/olivierstoltz.com\/index.php\/wp-json\/wp\/v2\/pages\/99\/revisions\/1163"}],"wp:attachment":[{"href":"https:\/\/olivierstoltz.com\/index.php\/wp-json\/wp\/v2\/media?parent=99"}],"curies":[{"name":"wp","href":"https:\/\/api.w.org\/{rel}","templated":true}]}}